{"id":624,"date":"2017-08-03T10:57:23","date_gmt":"2017-08-03T07:57:23","guid":{"rendered":"http:\/\/carisa.com.tr\/?page_id=624"},"modified":"2019-11-01T14:06:40","modified_gmt":"2019-11-01T11:06:40","slug":"referanslar","status":"publish","type":"page","link":"https:\/\/carisa.com.tr\/en\/referanslar\/","title":{"rendered":"Referanslar"},"content":{"rendered":"<p>[vc_row][vc_column_inner width=&#8221;12\/12&#8243;][vc_column_text]<\/p>\n<ul class=\"list list-unstyled list-primary list-borders m-t-n\">\n<li class=\"m-t-none p-t p-b appear-animation\" data-appear-animation=\"fadeInUp\" data-appear-animation-delay=\"400\"><strong class=\"text-color-primary font-size-xl\"> &#8211; <\/strong> ESTON 5. \u015eEH\u0130R PROJES\u0130 (BA\u015eAK\u015eEH\u0130R \u2013 \u0130STANBUL)<\/li>\n<li class=\"m-t-none p-t p-b appear-animation\" data-appear-animation=\"fadeInUp\" data-appear-animation-delay=\"400\"><strong class=\"text-color-primary font-size-xl\"> &#8211; <\/strong> ALKENT 2000 V\u0130LLALARI (HADIMK\u00d6Y \u2013 \u0130STANBUL)<\/li>\n<li class=\"m-t-none p-t p-b appear-animation\" data-appear-animation=\"fadeInUp\" data-appear-animation-delay=\"400\"><strong class=\"text-color-primary font-size-xl\"> &#8211; <\/strong> AL\u0130CE V\u0130LLALARI (SARIGAZ\u0130 \u2013 \u0130STANBUL)<\/li>\n<li class=\"m-t-none p-t p-b appear-animation\" data-appear-animation=\"fadeInUp\" data-appear-animation-delay=\"400\"><strong class=\"text-color-primary font-size-xl\"> &#8211; <\/strong> G\u00dcN I\u015eI\u011eI KONAKLARI (B\u00dcY\u00dcK\u00c7EKMECE \u2013 \u0130STANBUL)<\/li>\n<li class=\"m-t-none p-t p-b appear-animation\" data-appear-animation=\"fadeInUp\" data-appear-animation-delay=\"400\"><strong class=\"text-color-primary font-size-xl\"> &#8211; <\/strong> K\u0130PTA\u015e DRAGOS KONUTLARI (CEV\u0130ZL\u0130 \u2013 \u0130STANBUL)<\/li>\n<li class=\"m-t-none p-t p-b appear-animation\" data-appear-animation=\"fadeInUp\" data-appear-animation-delay=\"400\"><strong class=\"text-color-primary font-size-xl\"> &#8211; <\/strong> ACARKENT V\u0130LLALARI (BEYKOZ \u2013 \u0130STANBUL)<\/li>\n<li class=\"m-t-none p-t p-b appear-animation\" data-appear-animation=\"fadeInUp\" data-appear-animation-delay=\"400\"><strong class=\"text-color-primary font-size-xl\"> &#8211; <\/strong> BEYKOZ KONAKLARI (BEYKOZ \u2013 \u0130STANBUL)<\/li>\n<li class=\"m-t-none p-t p-b appear-animation\" data-appear-animation=\"fadeInUp\" data-appear-animation-delay=\"400\"><strong class=\"text-color-primary font-size-xl\"> &#8211; <\/strong> YEN\u0130 DO\u011eU\u015e \u0130N\u015eAAT MERKEZ B\u0130NA (BEYL\u0130KD\u00dcZ\u00dc \u2013 \u0130STANBUL)<\/li>\n<li class=\"m-t-none p-t p-b appear-animation\" data-appear-animation=\"fadeInUp\" data-appear-animation-delay=\"400\"><strong class=\"text-color-primary font-size-xl\"> &#8211; <\/strong> PANA F\u0130LM (KURTLAR VAD\u0130S\u0130 F\u0130LM SET\u0130)<\/li>\n<li class=\"m-t-none p-t p-b appear-animation\" data-appear-animation=\"fadeInUp\" data-appear-animation-delay=\"400\"><strong class=\"text-color-primary font-size-xl\"> &#8211; <\/strong> FOLKART MAV\u0130\u015eEH\u0130R PROJES\u0130 (MAV\u0130\u015eEH\u0130R \u2013 \u0130ZM\u0130R)<\/li>\n<li class=\"m-t-none p-t p-b appear-animation\" data-appear-animation=\"fadeInUp\" data-appear-animation-delay=\"400\"><strong class=\"text-color-primary font-size-xl\"> &#8211; <\/strong> ATAK\u00d6Y KONAKLARI (ATAK\u00d6Y \u2013 \u0130STANBUL)<\/li>\n<li class=\"m-t-none p-t p-b appear-animation\" data-appear-animation=\"fadeInUp\" data-appear-animation-delay=\"400\"><strong class=\"text-color-primary font-size-xl\"> &#8211; <\/strong> SOYAK \u0130N\u015eAAT (\u00dcMRAN\u0130YE \u2013 \u0130STANBUL)<\/li>\n<li class=\"m-t-none p-t p-b appear-animation\" data-appear-animation=\"fadeInUp\" data-appear-animation-delay=\"400\"><strong class=\"text-color-primary font-size-xl\"> &#8211; <\/strong> BENG\u0130 SU EVLER\u0130 (\u00dcMRAN\u0130YE \u2013 \u0130STANBUL)<\/li>\n<li class=\"m-t-none p-t p-b appear-animation\" data-appear-animation=\"fadeInUp\" data-appear-animation-delay=\"400\"><strong class=\"text-color-primary font-size-xl\"> &#8211; <\/strong> \u00d6ZK\u00d6K \u0130N\u015eAAT YE\u015e\u0130LK\u00d6Y KONAKLARI (YE\u015e\u0130LYURT \u2013 \u0130STANBUL)<\/li>\n<li class=\"m-t-none p-t p-b appear-animation\" data-appear-animation=\"fadeInUp\" data-appear-animation-delay=\"400\"><strong class=\"text-color-primary font-size-xl\"> &#8211; <\/strong> AKARETLER RES\u0130DENCE (BE\u015e\u0130KTA\u015e \u2013 \u0130STANBUL)<\/li>\n<li class=\"m-t-none p-t p-b appear-animation\" data-appear-animation=\"fadeInUp\" data-appear-animation-delay=\"400\"><strong class=\"text-color-primary font-size-xl\"> &#8211; <\/strong> AN\u0130TTA HOTEL (\u00c7ORUM)<\/li>\n<li class=\"m-t-none p-t p-b appear-animation\" data-appear-animation=\"fadeInUp\" data-appear-animation-delay=\"400\"><strong class=\"text-color-primary font-size-xl\"> &#8211; <\/strong> F\u0130-YAPI (ATA\u015eEH\u0130R \u2013 \u0130STANBUL)<\/li>\n<li class=\"m-t-none p-t p-b appear-animation\" data-appear-animation=\"fadeInUp\" data-appear-animation-delay=\"400\"><strong class=\"text-color-primary font-size-xl\"> &#8211; <\/strong> TEPE \u0130N\u015eAAT (B\u0130LKENT \u2013 ANKARA)<\/li>\n<li class=\"m-t-none p-t p-b appear-animation\" data-appear-animation=\"fadeInUp\" data-appear-animation-delay=\"400\"><strong class=\"text-color-primary font-size-xl\"> &#8211; <\/strong> PEKSA \u0130N\u015eAAT (G\u00d6ZTEPE \u2013 \u0130STANBUL)<\/li>\n<li class=\"m-t-none p-t p-b appear-animation\" data-appear-animation=\"fadeInUp\" data-appear-animation-delay=\"400\"><strong class=\"text-color-primary font-size-xl\"> &#8211; <\/strong> \u00c7EL\u0130KLER \u0130N\u015eAAT (AVCILAR \u2013 \u0130STANBUL)<\/li>\n<li class=\"m-t-none p-t p-b appear-animation\" data-appear-animation=\"fadeInUp\" data-appear-animation-delay=\"400\"><strong class=\"text-color-primary font-size-xl\"> &#8211; <\/strong> \u015eENG\u00dcLLER \u0130N\u015eAAT DRAGOS V\u0130LLALARI (CEV\u0130ZL\u0130 \u2013 \u0130STANBUL)<\/li>\n<li class=\"m-t-none p-t p-b appear-animation\" data-appear-animation=\"fadeInUp\" data-appear-animation-delay=\"400\"><strong class=\"text-color-primary font-size-xl\"> &#8211; <\/strong> B\u0130LGEN \u0130N\u015eAAT (\u00dcSK\u00dcDAR \u2013 \u0130STANBUL)<\/li>\n<li class=\"m-t-none p-t p-b appear-animation\" data-appear-animation=\"fadeInUp\" data-appear-animation-delay=\"400\"><strong class=\"text-color-primary font-size-xl\"> &#8211; <\/strong> \u00c7UBUKLU VAD\u0130 EVLER\u0130 (BEYKOZ \u2013 \u0130STANBUL)<\/li>\n<li class=\"m-t-none p-t p-b appear-animation\" data-appear-animation=\"fadeInUp\" data-appear-animation-delay=\"400\"><strong class=\"text-color-primary font-size-xl\"> &#8211; <\/strong> SAF\u0130R OTEL \u2013 SELENYUM C\u0130TY (ET\u0130LER \u2013 \u0130STANBUL)<\/li>\n<li class=\"m-t-none p-t p-b appear-animation\" data-appear-animation=\"fadeInUp\" data-appear-animation-delay=\"400\"><strong class=\"text-color-primary font-size-xl\"> &#8211; <\/strong> DEM\u0130RL\u0130 \u0130N\u015eAAT \u2013 DEM\u0130RL\u0130 S\u0130TES\u0130 (KARTAL \u2013 \u0130STANBUL)<\/li>\n<li class=\"m-t-none p-t p-b appear-animation\" data-appear-animation=\"fadeInUp\" data-appear-animation-delay=\"400\"><strong class=\"text-color-primary font-size-xl\"> &#8211; <\/strong> YASA V\u0130LLALARI (\u00c7AMLICA \u2013 \u0130STANBUL)<\/li>\n<li class=\"m-t-none p-t p-b appear-animation\" data-appear-animation=\"fadeInUp\" data-appear-animation-delay=\"400\"><strong class=\"text-color-primary font-size-xl\"> &#8211; <\/strong> SARI KONAKLAR (PASTEL F\u0130LM)<\/li>\n<li class=\"m-t-none p-t p-b appear-animation\" data-appear-animation=\"fadeInUp\" data-appear-animation-delay=\"400\"><strong class=\"text-color-primary font-size-xl\"> &#8211; <\/strong> \u00c7AMLICA KONAKLARI (\u00c7AMLICA \u2013 \u0130STANBUL)<\/li>\n<li class=\"m-t-none p-t p-b appear-animation\" data-appear-animation=\"fadeInUp\" data-appear-animation-delay=\"400\"><strong class=\"text-color-primary font-size-xl\"> &#8211; <\/strong> AVRUPA KONUTLARI TEM (K\u00dc\u00c7\u00dcKK\u00d6Y \u2013 \u0130STANBUL)<\/li>\n<li class=\"m-t-none p-t p-b appear-animation\" data-appear-animation=\"fadeInUp\" data-appear-animation-delay=\"400\"><strong class=\"text-color-primary font-size-xl\"> &#8211; <\/strong> TARABYA PALM\u0130YE EVLER\u0130 (TARABYA \u2013 \u0130STANBUL)<\/li>\n<li class=\"m-t-none p-t p-b appear-animation\" data-appear-animation=\"fadeInUp\" data-appear-animation-delay=\"400\"><strong class=\"text-color-primary font-size-xl\"> &#8211; <\/strong> AY\u015eE SULTAN KORUSU (ULUS \u2013 \u0130STANBUL)<\/li>\n<li class=\"m-t-none p-t p-b appear-animation\" data-appear-animation=\"fadeInUp\" data-appear-animation-delay=\"400\"><strong class=\"text-color-primary font-size-xl\"> &#8211; <\/strong> CADDEBOSTAN POLAT EVLER\u0130 (CADDEBOSTAN \u2013 \u0130STANBUL)<\/li>\n<li class=\"m-t-none p-t p-b appear-animation\" data-appear-animation=\"fadeInUp\" data-appear-animation-delay=\"400\"><strong class=\"text-color-primary font-size-xl\"> &#8211; <\/strong> ESTON \u00c7AMLI EVLER (\u0130\u00c7ERENK\u00d6Y \u2013 \u0130STANBUL)<\/li>\n<li class=\"m-t-none p-t p-b appear-animation\" data-appear-animation=\"fadeInUp\" data-appear-animation-delay=\"400\"><strong class=\"text-color-primary font-size-xl\"> &#8211; <\/strong> YALI RES\u0130DENCE (MARMAR\u0130S \u2013 MU\u011eLA)<\/li>\n<li class=\"m-t-none p-t p-b appear-animation\" data-appear-animation=\"fadeInUp\" data-appear-animation-delay=\"400\"><strong class=\"text-color-primary font-size-xl\"> &#8211; <\/strong> NAR C\u0130TY RES\u0130DENCE (MALTEPE \u2013 \u0130STANBUL)<\/li>\n<li class=\"m-t-none p-t p-b appear-animation\" data-appear-animation=\"fadeInUp\" data-appear-animation-delay=\"400\"><strong class=\"text-color-primary font-size-xl\"> &#8211; <\/strong> HATDAT V\u0130LLARI (YEN\u0130K\u00d6Y \u2013 \u0130STANBUL)<\/li>\n<li class=\"m-t-none p-t p-b appear-animation\" data-appear-animation=\"fadeInUp\" data-appear-animation-delay=\"400\"><strong class=\"text-color-primary font-size-xl\"> &#8211; <\/strong> G\u00d6CEK V\u0130NEYARD S\u0130TES\u0130 (G\u00d6\u00c7EK)<\/li>\n<li class=\"m-t-none p-t p-b appear-animation\" data-appear-animation=\"fadeInUp\" data-appear-animation-delay=\"400\"><strong class=\"text-color-primary font-size-xl\"> &#8211; <\/strong> ESTON BA\u015eAK\u015eEH\u0130R (BA\u015eAK\u015eEH\u0130R \u2013 \u0130STANBUL)<\/li>\n<li class=\"m-t-none p-t p-b appear-animation\" data-appear-animation=\"fadeInUp\" data-appear-animation-delay=\"400\"><strong class=\"text-color-primary font-size-xl\"> &#8211; <\/strong> ROSE MAR\u0130N S\u0130TES\u0130 (B\u00dcY\u00dcK\u00c7EKMECE \u2013 \u0130STANBUL)<\/li>\n<li class=\"m-t-none p-t p-b appear-animation\" data-appear-animation=\"fadeInUp\" data-appear-animation-delay=\"400\"><strong class=\"text-color-primary font-size-xl\"> &#8211; <\/strong> KEMER L\u0130FE EVLER\u0130 (G\u00d6KT\u00dcRK \u2013 \u0130STANBUL)<\/li>\n<li class=\"m-t-none p-t p-b appear-animation\" data-appear-animation=\"fadeInUp\" data-appear-animation-delay=\"400\"><strong class=\"text-color-primary font-size-xl\"> &#8211; <\/strong> DRAGOS DR\u0130VE S\u0130TES\u0130 (DRAGOS \u2013 \u0130STANBUL)<\/li>\n<li class=\"m-t-none p-t p-b appear-animation\" data-appear-animation=\"fadeInUp\" data-appear-animation-delay=\"400\"><strong class=\"text-color-primary font-size-xl\"> &#8211; <\/strong> G\u00d6L KONAKLARI (\u00c7EKMEK\u00d6Y \u2013 \u0130STANBUL)<\/li>\n<li class=\"m-t-none p-t p-b appear-animation\" data-appear-animation=\"fadeInUp\" data-appear-animation-delay=\"400\"><strong class=\"text-color-primary font-size-xl\"> &#8211; <\/strong> A\u011eAO\u011eLU D\u0130AMOND (ATA\u015eEH\u0130R \u2013 \u0130STANBUL)<\/li>\n<li class=\"m-t-none p-t p-b appear-animation\" data-appear-animation=\"fadeInUp\" data-appear-animation-delay=\"400\"><strong class=\"text-color-primary font-size-xl\"> &#8211; <\/strong> KORAY \u0130N\u015eAAT KASABA EVLER\u0130 (\u015e\u0130LE \u2013 \u0130STANBUL)<\/li>\n<li class=\"m-t-none p-t p-b appear-animation\" data-appear-animation=\"fadeInUp\" data-appear-animation-delay=\"400\"><strong class=\"text-color-primary font-size-xl\"> &#8211; <\/strong> ZEKER\u0130YAK\u00d6Y MEVS\u0130M S\u0130TES\u0130 (ZEKER\u0130YAK\u00d6Y \u2013 \u0130STANBUL)<\/li>\n<li class=\"m-t-none p-t p-b appear-animation\" data-appear-animation=\"fadeInUp\" data-appear-animation-delay=\"400\"><strong class=\"text-color-primary font-size-xl\"> &#8211; <\/strong> SI\u011eACIK KONAKLARI (\u0130ZM\u0130R)<\/li>\n<li class=\"m-t-none p-t p-b appear-animation\" data-appear-animation=\"fadeInUp\" data-appear-animation-delay=\"400\"><strong class=\"text-color-primary font-size-xl\"> &#8211; <\/strong> D\u0130KENC\u0130K COUNTRY (BURSA)<\/li>\n<li class=\"m-t-none p-t p-b appear-animation\" data-appear-animation=\"fadeInUp\" data-appear-animation-delay=\"400\"><strong class=\"text-color-primary font-size-xl\"> &#8211; <\/strong> ULV\u0130 GEN\u00c7AL \u2013 GENCALLAR<\/li>\n<li class=\"m-t-none p-t p-b appear-animation\" data-appear-animation=\"fadeInUp\" data-appear-animation-delay=\"400\"><strong class=\"text-color-primary font-size-xl\"> &#8211; <\/strong> ALMONDH\u0130LL (ACIBADEM \u2013 \u0130STANBUL)<\/li>\n<li class=\"m-t-none p-t p-b appear-animation\" data-appear-animation=\"fadeInUp\" data-appear-animation-delay=\"400\"><strong class=\"text-color-primary font-size-xl\"> &#8211; <\/strong> AT\u015eEH\u0130R RES\u0130DENCE (\u0130STANBUL)<\/li>\n<li class=\"m-t-none p-t p-b appear-animation\" data-appear-animation=\"fadeInUp\" data-appear-animation-delay=\"400\"><strong class=\"text-color-primary font-size-xl\"> &#8211; <\/strong> YE\u015e\u0130LVAD\u0130 EVLER\u0130 ( \u00d6MERL\u0130 \u2013 \u00c7EKMEK\u00d6Y)<\/li>\n<li class=\"m-t-none p-t p-b appear-animation\" data-appear-animation=\"fadeInUp\" data-appear-animation-delay=\"400\"><strong class=\"text-color-primary font-size-xl\"> &#8211; <\/strong> SAPHIR HOTEL ( ALANYA- ANTALYA)<\/li>\n<li class=\"m-t-none p-t p-b appear-animation\" data-appear-animation=\"fadeInUp\" data-appear-animation-delay=\"400\"><strong class=\"text-color-primary font-size-xl\"> &#8211; <\/strong> THE PEAK HOTEL ( BEYO\u011eLU- \u0130STANBUL)<\/li>\n<li class=\"m-t-none p-t p-b appear-animation\" data-appear-animation=\"fadeInUp\" data-appear-animation-delay=\"400\"><strong class=\"text-color-primary font-size-xl\"> &#8211; <\/strong> SW\u0130SSOTEL THE BOSPHORUS HOTEL ( MA\u00c7KA- BE\u015e\u0130KTA\u015e)<\/li>\n<li class=\"m-t-none p-t p-b appear-animation\" data-appear-animation=\"fadeInUp\" data-appear-animation-delay=\"400\"><strong class=\"text-color-primary font-size-xl\"> &#8211; <\/strong> ZORLU CENTER \/ ZORLU GYO (Z\u0130NC\u0130RL\u0130KUYU \u2013 \u0130STANBUL)<\/li>\n<li class=\"m-t-none p-t p-b appear-animation\" data-appear-animation=\"fadeInUp\" data-appear-animation-delay=\"400\"><strong class=\"text-color-primary font-size-xl\"> &#8211; <\/strong> LOCA \u0130STANBUL \/ G\u00dcL \u0130N\u015eAAT (BAH\u00c7E\u015eEH\u0130R-\u0130STANBUL)<\/li>\n<li class=\"m-t-none p-t p-b appear-animation\" data-appear-animation=\"fadeInUp\" data-appear-animation-delay=\"400\"><strong class=\"text-color-primary font-size-xl\"> &#8211; <\/strong> FOLKART \/ MAV\u0130 \u015eEH\u0130R (KAR\u015eIYAKA \u2013 \u0130ZM\u0130R)<\/li>\n<li class=\"m-t-none p-t p-b appear-animation\" data-appear-animation=\"fadeInUp\" data-appear-animation-delay=\"400\"><strong class=\"text-color-primary font-size-xl\"> &#8211; <\/strong> BA\u015eBAKANLIK KONUTU (KISIKLI \/ \u0130STANBUL)<\/li>\n<li class=\"m-t-none p-t p-b appear-animation\" data-appear-animation=\"fadeInUp\" data-appear-animation-delay=\"400\"><strong class=\"text-color-primary font-size-xl\"> &#8211; <\/strong> DEMET AKALIN (ACARKENT V\u0130LLASI)<\/li>\n<li class=\"m-t-none p-t p-b appear-animation\" data-appear-animation=\"fadeInUp\" data-appear-animation-delay=\"400\"><strong class=\"text-color-primary font-size-xl\"> &#8211; <\/strong> MUSTAFA SANDAL (\u00c7UBUKLU VAD\u0130 V\u0130LLASI)<\/li>\n<li class=\"m-t-none p-t p-b appear-animation\" data-appear-animation=\"fadeInUp\" data-appear-animation-delay=\"400\"><strong class=\"text-color-primary font-size-xl\"> &#8211; <\/strong> NECAT\u0130 \u015eA\u015eMAZ<\/li>\n<li class=\"m-t-none p-t p-b appear-animation\" data-appear-animation=\"fadeInUp\" data-appear-animation-delay=\"400\"><strong class=\"text-color-primary font-size-xl\"> &#8211; <\/strong> H\u00dcLYA AV\u015eAR-SADETT\u0130N SARAN (ZEKAR\u0130YAK\u00d6Y V\u0130LLASI)<\/li>\n<li class=\"m-t-none p-t p-b appear-animation\" data-appear-animation=\"fadeInUp\" data-appear-animation-delay=\"400\"><strong class=\"text-color-primary font-size-xl\"> &#8211; <\/strong> ACUN ILICALI (BEYKOZ KONAKLARI)<\/li>\n<li class=\"m-t-none p-t p-b appear-animation\" data-appear-animation=\"fadeInUp\" data-appear-animation-delay=\"400\"><strong class=\"text-color-primary font-size-xl\"> &#8211; <\/strong> \u0130PEK \u00d6ZK\u00d6K EV\u0130<\/li>\n<li class=\"m-t-none p-t p-b appear-animation\" data-appear-animation=\"fadeInUp\" data-appear-animation-delay=\"400\"><strong class=\"text-color-primary font-size-xl\"> &#8211; <\/strong> UFUK \u00d6ZT\u00dcRK (SKY RES\u0130DENCE)<\/li>\n<li class=\"m-t-none p-t p-b appear-animation\" data-appear-animation=\"fadeInUp\" data-appear-animation-delay=\"400\"><strong class=\"text-color-primary font-size-xl\"> &#8211; <\/strong> YAVUZ ERKUT (T\u00dcPRA\u015e GANEL M\u00dcD\u00dcR\u00dc) (SKY RES\u0130DENCE)<\/li>\n<li class=\"m-t-none p-t p-b appear-animation\" data-appear-animation=\"fadeInUp\" data-appear-animation-delay=\"400\"><strong class=\"text-color-primary font-size-xl\"> &#8211; <\/strong> LEVENT PENSO (\u0130STANBUL)<\/li>\n<li class=\"m-t-none p-t p-b appear-animation\" data-appear-animation=\"fadeInUp\" data-appear-animation-delay=\"400\"><strong class=\"text-color-primary font-size-xl\"> &#8211; <\/strong> KER\u0130M G\u00dcZEL\u0130\u015e-AR\u0130\u015e PIRLANTA (SUAD\u0130YE EV\u0130)<\/li>\n<li class=\"m-t-none p-t p-b appear-animation\" data-appear-animation=\"fadeInUp\" data-appear-animation-delay=\"400\"><strong class=\"text-color-primary font-size-xl\"> &#8211; <\/strong> AY\u015eECAN \u00d6ZYE\u011e\u0130N OKTAY (\u00c7UBUKLU VAD\u0130 V\u0130LLASI)<\/li>\n<li class=\"m-t-none p-t p-b appear-animation\" data-appear-animation=\"fadeInUp\" data-appear-animation-delay=\"400\"><strong class=\"text-color-primary font-size-xl\"> &#8211; <\/strong> T\u00dcRKMEN\u0130STAN CUMHUR BA\u015eKANI-GURBANGUL\u0130 BERD\u0130MUHAMMEDOV (BANYOSU)<\/li>\n<li class=\"m-t-none p-t p-b appear-animation\" data-appear-animation=\"fadeInUp\" data-appear-animation-delay=\"400\"><strong class=\"text-color-primary font-size-xl\"> &#8211; <\/strong> V\u0130LDAN K\u0130\u011eILI (K. \u00c7AMLICA EV\u0130)<\/li>\n<li class=\"m-t-none p-t p-b appear-animation\" data-appear-animation=\"fadeInUp\" data-appear-animation-delay=\"400\"><strong class=\"text-color-primary font-size-xl\"> &#8211; <\/strong> KESK\u0130NO\u011eLU TAVUK\u00c7ULUK (BEBEK VE KAYSER\u0130 EV\u0130)<\/li>\n<li class=\"m-t-none p-t p-b appear-animation\" data-appear-animation=\"fadeInUp\" data-appear-animation-delay=\"400\"><strong class=\"text-color-primary font-size-xl\"> &#8211; <\/strong> TANER&amp;G\u00dcL\u00c7\u0130N SOYAK \u2013 SOYAK \u0130N\u015eAAT (\u00dcSK\u00dcDAR EV\u0130)<\/li>\n<li class=\"m-t-none p-t p-b appear-animation\" data-appear-animation=\"fadeInUp\" data-appear-animation-delay=\"400\"><strong class=\"text-color-primary font-size-xl\"> &#8211; <\/strong> G\u00dcREL\u0130 Y. (S\u0130NAN G\u00dcREL\u0130 EV\u0130)<\/li>\n<li class=\"m-t-none p-t p-b appear-animation\" data-appear-animation=\"fadeInUp\" data-appear-animation-delay=\"400\"><strong class=\"text-color-primary font-size-xl\"> &#8211; <\/strong> POYA PROJE AKMERKEZ<\/li>\n<li class=\"m-t-none p-t p-b appear-animation\" data-appear-animation=\"fadeInUp\" data-appear-animation-delay=\"400\"><strong class=\"text-color-primary font-size-xl\"> &#8211; <\/strong> BOZDA\u015e \u0130N\u015eAAT ( \u0130STANBUL )<\/li>\n<li class=\"m-t-none p-t p-b appear-animation\" data-appear-animation=\"fadeInUp\" data-appear-animation-delay=\"400\"><strong class=\"text-color-primary font-size-xl\"> &#8211; <\/strong> DELTA \u0130N\u015eAAT SULTAN MAKAMI ( \u0130STANBUL )<\/li>\n<li class=\"m-t-none p-t p-b appear-animation\" data-appear-animation=\"fadeInUp\" data-appear-animation-delay=\"400\"><strong class=\"text-color-primary font-size-xl\"> &#8211; <\/strong> EMRE AROLAT M\u0130MARLIK ( \u0130STANBUL )<\/li>\n<li class=\"m-t-none p-t p-b appear-animation\" data-appear-animation=\"fadeInUp\" data-appear-animation-delay=\"400\"><strong class=\"text-color-primary font-size-xl\"> &#8211; <\/strong> MEHMET SADIKO\u011eLU \u0130N\u015eAAT ( \u0130STANBUL )<\/li>\n<li class=\"m-t-none p-t p-b appear-animation\" data-appear-animation=\"fadeInUp\" data-appear-animation-delay=\"400\"><strong class=\"text-color-primary font-size-xl\"> &#8211; <\/strong> UZUNAL \u0130N\u015eAAT ( \u0130STANBUL )<\/li>\n<li class=\"m-t-none p-t p-b appear-animation\" data-appear-animation=\"fadeInUp\" data-appear-animation-delay=\"400\"><strong class=\"text-color-primary font-size-xl\"> &#8211; <\/strong> TELL\u0130O\u011eLU \u0130N\u015eAAT ( \u0130STANBUL )<\/li>\n<li class=\"m-t-none p-t p-b appear-animation\" data-appear-animation=\"fadeInUp\" data-appear-animation-delay=\"400\"><strong class=\"text-color-primary font-size-xl\"> &#8211; <\/strong> KO\u00c7 \u0130N\u015eAAT ( \u0130STANBUL )<\/li>\n<li class=\"m-t-none p-t p-b appear-animation\" data-appear-animation=\"fadeInUp\" data-appear-animation-delay=\"400\"><strong class=\"text-color-primary font-size-xl\"> &#8211; <\/strong> DEPAR YAPI ( \u0130STANBUL )<\/li>\n<li class=\"m-t-none p-t p-b appear-animation\" data-appear-animation=\"fadeInUp\" data-appear-animation-delay=\"400\"><strong class=\"text-color-primary font-size-xl\"> &#8211; <\/strong> PANAV\u0130A \u0130N\u015eAAT PANORAMA PROJES\u0130 ( \u0130STANBUL )<\/li>\n<li class=\"m-t-none p-t p-b appear-animation\" data-appear-animation=\"fadeInUp\" data-appear-animation-delay=\"400\"><strong class=\"text-color-primary font-size-xl\"> &#8211; <\/strong> KO\u00c7 YAPI ( \u0130ZM\u0130R )<\/li>\n<\/ul>\n<p>[\/vc_column_text][\/vc_column_inner][\/vc_row]<\/p>","protected":false},"excerpt":{"rendered":"<p>[vc_row][vc_column_inner width=&#8221;12\/12&#8243;][vc_column_text] &#8211; ESTON 5. \u015eEH\u0130R PROJES\u0130 (BA\u015eAK\u015eEH\u0130R \u2013 \u0130STANBUL) &#8211; ALKENT 2000 V\u0130LLALARI (HADIMK\u00d6Y \u2013 \u0130STANBUL) &#8211; AL\u0130CE V\u0130LLALARI (SARIGAZ\u0130 \u2013 \u0130STANBUL) &#8211; G\u00dcN I\u015eI\u011eI KONAKLARI (B\u00dcY\u00dcK\u00c7EKMECE \u2013 \u0130STANBUL) &#8211; K\u0130PTA\u015e DRAGOS KONUTLARI (CEV\u0130ZL\u0130 \u2013 \u0130STANBUL) &#8211; ACARKENT V\u0130LLALARI (BEYKOZ \u2013 \u0130STANBUL) &#8211; BEYKOZ KONAKLARI (BEYKOZ \u2013 \u0130STANBUL) &#8211; YEN\u0130 DO\u011eU\u015e \u0130N\u015eAAT MERKEZ B\u0130NA [&hellip;]<\/p>\n","protected":false},"author":1,"featured_media":0,"parent":0,"menu_order":0,"comment_status":"closed","ping_status":"closed","template":"","meta":{"footnotes":""},"class_list":["post-624","page","type-page","status-publish","hentry"],"_links":{"self":[{"href":"https:\/\/carisa.com.tr\/en\/wp-json\/wp\/v2\/pages\/624","targetHints":{"allow":["GET"]}}],"collection":[{"href":"https:\/\/carisa.com.tr\/en\/wp-json\/wp\/v2\/pages"}],"about":[{"href":"https:\/\/carisa.com.tr\/en\/wp-json\/wp\/v2\/types\/page"}],"author":[{"embeddable":true,"href":"https:\/\/carisa.com.tr\/en\/wp-json\/wp\/v2\/users\/1"}],"replies":[{"embeddable":true,"href":"https:\/\/carisa.com.tr\/en\/wp-json\/wp\/v2\/comments?post=624"}],"version-history":[{"count":0,"href":"https:\/\/carisa.com.tr\/en\/wp-json\/wp\/v2\/pages\/624\/revisions"}],"wp:attachment":[{"href":"https:\/\/carisa.com.tr\/en\/wp-json\/wp\/v2\/media?parent=624"}],"curies":[{"name":"wp","href":"https:\/\/api.w.org\/{rel}","templated":true}]}}